{"id":89,"date":"2023-05-23T20:58:57","date_gmt":"2023-05-24T01:58:57","guid":{"rendered":"https:\/\/www.casasautomaticas.com\/?post_type=product&#038;p=89"},"modified":"2025-06-06T04:42:07","modified_gmt":"2025-06-06T09:42:07","slug":"modulo-ht-wifi-2io","status":"publish","type":"product","link":"https:\/\/www.casasautomaticas.com\/en\/product\/modulo-ht-wifi-2io\/","title":{"rendered":"Module HT-WIFI-2IO"},"content":{"rendered":"<p>The module HT-WIFI-2IO counts with two relay outputs, 2 inputs for contact sensors, 1 output infrared type blaster, 2 output ports ir compatible with cables Control4 (Not included), with output port to control led ribbon addressable up to 2048 pixels, controllable via port Wifi; with driver for Control4.<\/p>","protected":false},"excerpt":{"rendered":"<p>The module HT-WIFI-2IO counts with two relay outputs, 2 inputs for contact sensors, 1 output infrared type blaster, 2 output ports ir compatible with cables Control4 (Not included), with output port to control led ribbon addressable up to 2048 pixels, controllable via port Wifi; with driver for Control4.<\/p>","protected":false},"featured_media":225,"comment_status":"open","ping_status":"closed","template":"","meta":{"_et_pb_use_builder":"","_et_pb_old_content":"","_et_gb_content_width":""},"pwb-brand":[19],"product_cat":[18],"product_tag":[],"class_list":{"0":"post-89","1":"product","2":"type-product","3":"status-publish","4":"has-post-thumbnail","6":"pwb-brand-ca","7":"product_cat-otros","9":"first","10":"instock","11":"shipping-taxable","12":"purchasable","13":"product-type-simple"},"yoast_head":"<!-- This site is optimized with the Yoast SEO Premium plugin v24.8 (Yoast SEO v24.8) - https:\/\/yoast.com\/wordpress\/plugins\/seo\/ -->\n<title>M\u00f3dulo HT-WIFI-2IO - Casas Autom\u00e1ticas<\/title>\n<meta name=\"robots\" content=\"index, follow, max-snippet:-1, max-image-preview:large, max-video-preview:-1\" \/>\n<link rel=\"canonical\" href=\"https:\/\/www.casasautomaticas.com\/en\/product\/modulo-ht-wifi-2io\/\" \/>\n<meta property=\"og:locale\" content=\"en_US\" \/>\n<meta property=\"og:type\" content=\"article\" \/>\n<meta property=\"og:title\" content=\"M\u00f3dulo HT-WIFI-2IO\" \/>\n<meta property=\"og:description\" content=\"El m\u00f3dulo HT-WIFI-2IO cuenta con dos salidas a rel\u00e9, 2 entradas para sensores de contacto, 1 salida infrarroja tipo blaster, 2 puertos de salida infrarrojos compatible con cables de Control4 (No incluidos), con puerto de salida para control de cinta led direccionable de hasta 2.048 pixeles, controlables v\u00eda puerto Wifi; con driver para Control4.\" \/>\n<meta property=\"og:url\" content=\"https:\/\/www.casasautomaticas.com\/en\/product\/modulo-ht-wifi-2io\/\" \/>\n<meta property=\"og:site_name\" content=\"Casas Autom\u00e1ticas\" \/>\n<meta property=\"article:modified_time\" content=\"2025-06-06T09:42:07+00:00\" \/>\n<meta property=\"og:image\" content=\"https:\/\/www.casasautomaticas.com\/wp-content\/uploads\/2023\/05\/HT-WIFI2IO.jpeg\" \/>\n\t<meta property=\"og:image:width\" content=\"738\" \/>\n\t<meta property=\"og:image:height\" content=\"603\" \/>\n\t<meta property=\"og:image:type\" content=\"image\/jpeg\" \/>\n<meta name=\"twitter:card\" content=\"summary_large_image\" \/>\n<script type=\"application\/ld+json\" class=\"yoast-schema-graph\">{\"@context\":\"https:\/\/schema.org\",\"@graph\":[{\"@type\":\"WebPage\",\"@id\":\"https:\/\/www.casasautomaticas.com\/en\/product\/modulo-ht-wifi-2io\/\",\"url\":\"https:\/\/www.casasautomaticas.com\/en\/product\/modulo-ht-wifi-2io\/\",\"name\":\"M\u00f3dulo HT-WIFI-2IO - Casas Autom\u00e1ticas\",\"isPartOf\":{\"@id\":\"https:\/\/www.casasautomaticas.com\/#website\"},\"primaryImageOfPage\":{\"@id\":\"https:\/\/www.casasautomaticas.com\/en\/product\/modulo-ht-wifi-2io\/#primaryimage\"},\"image\":{\"@id\":\"https:\/\/www.casasautomaticas.com\/en\/product\/modulo-ht-wifi-2io\/#primaryimage\"},\"thumbnailUrl\":\"https:\/\/www.casasautomaticas.com\/wp-content\/uploads\/2023\/05\/HT-WIFI2IO.jpeg\",\"datePublished\":\"2023-05-24T01:58:57+00:00\",\"dateModified\":\"2025-06-06T09:42:07+00:00\",\"breadcrumb\":{\"@id\":\"https:\/\/www.casasautomaticas.com\/en\/product\/modulo-ht-wifi-2io\/#breadcrumb\"},\"inLanguage\":\"en-US\",\"potentialAction\":[{\"@type\":\"ReadAction\",\"target\":[\"https:\/\/www.casasautomaticas.com\/en\/product\/modulo-ht-wifi-2io\/\"]}]},{\"@type\":\"ImageObject\",\"inLanguage\":\"en-US\",\"@id\":\"https:\/\/www.casasautomaticas.com\/en\/product\/modulo-ht-wifi-2io\/#primaryimage\",\"url\":\"https:\/\/www.casasautomaticas.com\/wp-content\/uploads\/2023\/05\/HT-WIFI2IO.jpeg\",\"contentUrl\":\"https:\/\/www.casasautomaticas.com\/wp-content\/uploads\/2023\/05\/HT-WIFI2IO.jpeg\",\"width\":738,\"height\":603},{\"@type\":\"BreadcrumbList\",\"@id\":\"https:\/\/www.casasautomaticas.com\/en\/product\/modulo-ht-wifi-2io\/#breadcrumb\",\"itemListElement\":[{\"@type\":\"ListItem\",\"position\":1,\"name\":\"Inicio\",\"item\":\"https:\/\/www.casasautomaticas.com\/\"},{\"@type\":\"ListItem\",\"position\":2,\"name\":\"Productos\",\"item\":\"https:\/\/www.casasautomaticas.com\/en\/productos\/\"},{\"@type\":\"ListItem\",\"position\":3,\"name\":\"M\u00f3dulo HT-WIFI-2IO\"}]},{\"@type\":\"WebSite\",\"@id\":\"https:\/\/www.casasautomaticas.com\/#website\",\"url\":\"https:\/\/www.casasautomaticas.com\/\",\"name\":\"Casas Autom\u00e1ticas\",\"description\":\"\",\"potentialAction\":[{\"@type\":\"SearchAction\",\"target\":{\"@type\":\"EntryPoint\",\"urlTemplate\":\"https:\/\/www.casasautomaticas.com\/?s={search_term_string}\"},\"query-input\":{\"@type\":\"PropertyValueSpecification\",\"valueRequired\":true,\"valueName\":\"search_term_string\"}}],\"inLanguage\":\"en-US\"}]}<\/script>\n<!-- \/ Yoast SEO Premium plugin. -->","yoast_head_json":{"title":"M\u00f3dulo HT-WIFI-2IO - Casas Autom\u00e1ticas","robots":{"index":"index","follow":"follow","max-snippet":"max-snippet:-1","max-image-preview":"max-image-preview:large","max-video-preview":"max-video-preview:-1"},"canonical":"https:\/\/www.casasautomaticas.com\/en\/product\/modulo-ht-wifi-2io\/","og_locale":"en_US","og_type":"article","og_title":"M\u00f3dulo HT-WIFI-2IO","og_description":"El m\u00f3dulo HT-WIFI-2IO cuenta con dos salidas a rel\u00e9, 2 entradas para sensores de contacto, 1 salida infrarroja tipo blaster, 2 puertos de salida infrarrojos compatible con cables de Control4 (No incluidos), con puerto de salida para control de cinta led direccionable de hasta 2.048 pixeles, controlables v\u00eda puerto Wifi; con driver para Control4.","og_url":"https:\/\/www.casasautomaticas.com\/en\/product\/modulo-ht-wifi-2io\/","og_site_name":"Casas Autom\u00e1ticas","article_modified_time":"2025-06-06T09:42:07+00:00","og_image":[{"width":738,"height":603,"url":"https:\/\/www.casasautomaticas.com\/wp-content\/uploads\/2023\/05\/HT-WIFI2IO.jpeg","type":"image\/jpeg"}],"twitter_card":"summary_large_image","schema":{"@context":"https:\/\/schema.org","@graph":[{"@type":"WebPage","@id":"https:\/\/www.casasautomaticas.com\/en\/product\/modulo-ht-wifi-2io\/","url":"https:\/\/www.casasautomaticas.com\/en\/product\/modulo-ht-wifi-2io\/","name":"M\u00f3dulo HT-WIFI-2IO - Casas Autom\u00e1ticas","isPartOf":{"@id":"https:\/\/www.casasautomaticas.com\/#website"},"primaryImageOfPage":{"@id":"https:\/\/www.casasautomaticas.com\/en\/product\/modulo-ht-wifi-2io\/#primaryimage"},"image":{"@id":"https:\/\/www.casasautomaticas.com\/en\/product\/modulo-ht-wifi-2io\/#primaryimage"},"thumbnailUrl":"https:\/\/www.casasautomaticas.com\/wp-content\/uploads\/2023\/05\/HT-WIFI2IO.jpeg","datePublished":"2023-05-24T01:58:57+00:00","dateModified":"2025-06-06T09:42:07+00:00","breadcrumb":{"@id":"https:\/\/www.casasautomaticas.com\/en\/product\/modulo-ht-wifi-2io\/#breadcrumb"},"inLanguage":"en-US","potentialAction":[{"@type":"ReadAction","target":["https:\/\/www.casasautomaticas.com\/en\/product\/modulo-ht-wifi-2io\/"]}]},{"@type":"ImageObject","inLanguage":"en-US","@id":"https:\/\/www.casasautomaticas.com\/en\/product\/modulo-ht-wifi-2io\/#primaryimage","url":"https:\/\/www.casasautomaticas.com\/wp-content\/uploads\/2023\/05\/HT-WIFI2IO.jpeg","contentUrl":"https:\/\/www.casasautomaticas.com\/wp-content\/uploads\/2023\/05\/HT-WIFI2IO.jpeg","width":738,"height":603},{"@type":"BreadcrumbList","@id":"https:\/\/www.casasautomaticas.com\/en\/product\/modulo-ht-wifi-2io\/#breadcrumb","itemListElement":[{"@type":"ListItem","position":1,"name":"Inicio","item":"https:\/\/www.casasautomaticas.com\/"},{"@type":"ListItem","position":2,"name":"Productos","item":"https:\/\/www.casasautomaticas.com\/en\/productos\/"},{"@type":"ListItem","position":3,"name":"M\u00f3dulo HT-WIFI-2IO"}]},{"@type":"WebSite","@id":"https:\/\/www.casasautomaticas.com\/#website","url":"https:\/\/www.casasautomaticas.com\/","name":"Casas Autom\u00e1ticas","description":"","potentialAction":[{"@type":"SearchAction","target":{"@type":"EntryPoint","urlTemplate":"https:\/\/www.casasautomaticas.com\/?s={search_term_string}"},"query-input":{"@type":"PropertyValueSpecification","valueRequired":true,"valueName":"search_term_string"}}],"inLanguage":"en-US"}]}},"brands":[{"id":19,"name":"CA","slug":"ca"}],"_links":{"self":[{"href":"https:\/\/www.casasautomaticas.com\/en\/wp-json\/wp\/v2\/product\/89","targetHints":{"allow":["GET"]}}],"collection":[{"href":"https:\/\/www.casasautomaticas.com\/en\/wp-json\/wp\/v2\/product"}],"about":[{"href":"https:\/\/www.casasautomaticas.com\/en\/wp-json\/wp\/v2\/types\/product"}],"replies":[{"embeddable":true,"href":"https:\/\/www.casasautomaticas.com\/en\/wp-json\/wp\/v2\/comments?post=89"}],"wp:featuredmedia":[{"embeddable":true,"href":"https:\/\/www.casasautomaticas.com\/en\/wp-json\/wp\/v2\/media\/225"}],"wp:attachment":[{"href":"https:\/\/www.casasautomaticas.com\/en\/wp-json\/wp\/v2\/media?parent=89"}],"wp:term":[{"taxonomy":"pwb-brand","embeddable":true,"href":"https:\/\/www.casasautomaticas.com\/en\/wp-json\/wp\/v2\/pwb-brand?post=89"},{"taxonomy":"product_cat","embeddable":true,"href":"https:\/\/www.casasautomaticas.com\/en\/wp-json\/wp\/v2\/product_cat?post=89"},{"taxonomy":"product_tag","embeddable":true,"href":"https:\/\/www.casasautomaticas.com\/en\/wp-json\/wp\/v2\/product_tag?post=89"}],"curies":[{"name":"wp","href":"https:\/\/api.w.org\/{rel}","templated":true}]}}