{"id":96,"date":"2023-05-23T21:11:50","date_gmt":"2023-05-24T02:11:50","guid":{"rendered":"https:\/\/www.casasautomaticas.com\/?post_type=product&#038;p=96"},"modified":"2024-05-24T10:29:42","modified_gmt":"2024-05-24T15:29:42","slug":"modulo-ht-ser-8x4","status":"publish","type":"product","link":"https:\/\/www.casasautomaticas.com\/en\/product\/modulo-ht-ser-8x4\/","title":{"rendered":"Module HT-BE-8\u00d74"},"content":{"rendered":"<p>The module HT-BE-8\u00d74 has 8 channels of relay output and 4 input channels for contact sensors, controllable via serial port sharing.<\/p>","protected":false},"excerpt":{"rendered":"<p>The module HT-BE-8\u00d74 has 8 channels of relay output and 4 input channels for contact sensors, controllable via serial port sharing.<\/p>","protected":false},"featured_media":222,"comment_status":"open","ping_status":"closed","template":"","meta":{"_et_pb_use_builder":"","_et_pb_old_content":"","_et_gb_content_width":""},"pwb-brand":[19],"product_cat":[18],"product_tag":[],"class_list":{"0":"post-96","1":"product","2":"type-product","3":"status-publish","4":"has-post-thumbnail","6":"pwb-brand-ca","7":"product_cat-otros","9":"first","10":"instock","11":"shipping-taxable","12":"purchasable","13":"product-type-simple"},"yoast_head":"<!-- This site is optimized with the Yoast SEO Premium plugin v24.8 (Yoast SEO v24.8) - https:\/\/yoast.com\/wordpress\/plugins\/seo\/ -->\n<title>M\u00f3dulo HT-SER-8x4 - Casas Autom\u00e1ticas<\/title>\n<meta name=\"robots\" content=\"index, follow, max-snippet:-1, max-image-preview:large, max-video-preview:-1\" \/>\n<link rel=\"canonical\" href=\"https:\/\/www.casasautomaticas.com\/en\/product\/modulo-ht-ser-8x4\/\" \/>\n<meta property=\"og:locale\" content=\"en_US\" \/>\n<meta property=\"og:type\" content=\"article\" \/>\n<meta property=\"og:title\" content=\"M\u00f3dulo HT-SER-8x4\" \/>\n<meta property=\"og:description\" content=\"El m\u00f3dulo HT-SER-8x4 cuenta con 8 canales de salida a rel\u00e9 y 4 canales de entrada para sensores de contacto, controlables v\u00eda puerto serial compartido.\" \/>\n<meta property=\"og:url\" content=\"https:\/\/www.casasautomaticas.com\/en\/product\/modulo-ht-ser-8x4\/\" \/>\n<meta property=\"og:site_name\" content=\"Casas Autom\u00e1ticas\" \/>\n<meta property=\"article:modified_time\" content=\"2024-05-24T15:29:42+00:00\" \/>\n<meta property=\"og:image\" content=\"https:\/\/www.casasautomaticas.com\/wp-content\/uploads\/2023\/05\/HT-RS232-8X4-V2.jpeg\" \/>\n\t<meta property=\"og:image:width\" content=\"1024\" \/>\n\t<meta property=\"og:image:height\" content=\"576\" \/>\n\t<meta property=\"og:image:type\" content=\"image\/jpeg\" \/>\n<meta name=\"twitter:card\" content=\"summary_large_image\" \/>\n<script type=\"application\/ld+json\" class=\"yoast-schema-graph\">{\"@context\":\"https:\/\/schema.org\",\"@graph\":[{\"@type\":\"WebPage\",\"@id\":\"https:\/\/www.casasautomaticas.com\/producto\/modulo-ht-ser-8x4\/\",\"url\":\"https:\/\/www.casasautomaticas.com\/producto\/modulo-ht-ser-8x4\/\",\"name\":\"M\u00f3dulo HT-SER-8x4 - Casas Autom\u00e1ticas\",\"isPartOf\":{\"@id\":\"https:\/\/www.casasautomaticas.com\/#website\"},\"primaryImageOfPage\":{\"@id\":\"https:\/\/www.casasautomaticas.com\/producto\/modulo-ht-ser-8x4\/#primaryimage\"},\"image\":{\"@id\":\"https:\/\/www.casasautomaticas.com\/producto\/modulo-ht-ser-8x4\/#primaryimage\"},\"thumbnailUrl\":\"https:\/\/www.casasautomaticas.com\/wp-content\/uploads\/2023\/05\/HT-RS232-8X4-V2.jpeg\",\"datePublished\":\"2023-05-24T02:11:50+00:00\",\"dateModified\":\"2024-05-24T15:29:42+00:00\",\"breadcrumb\":{\"@id\":\"https:\/\/www.casasautomaticas.com\/producto\/modulo-ht-ser-8x4\/#breadcrumb\"},\"inLanguage\":\"en-US\",\"potentialAction\":[{\"@type\":\"ReadAction\",\"target\":[\"https:\/\/www.casasautomaticas.com\/producto\/modulo-ht-ser-8x4\/\"]}]},{\"@type\":\"ImageObject\",\"inLanguage\":\"en-US\",\"@id\":\"https:\/\/www.casasautomaticas.com\/producto\/modulo-ht-ser-8x4\/#primaryimage\",\"url\":\"https:\/\/www.casasautomaticas.com\/wp-content\/uploads\/2023\/05\/HT-RS232-8X4-V2.jpeg\",\"contentUrl\":\"https:\/\/www.casasautomaticas.com\/wp-content\/uploads\/2023\/05\/HT-RS232-8X4-V2.jpeg\",\"width\":1024,\"height\":576},{\"@type\":\"BreadcrumbList\",\"@id\":\"https:\/\/www.casasautomaticas.com\/producto\/modulo-ht-ser-8x4\/#breadcrumb\",\"itemListElement\":[{\"@type\":\"ListItem\",\"position\":1,\"name\":\"Inicio\",\"item\":\"https:\/\/www.casasautomaticas.com\/\"},{\"@type\":\"ListItem\",\"position\":2,\"name\":\"Productos\",\"item\":\"https:\/\/www.casasautomaticas.com\/en\/productos\/\"},{\"@type\":\"ListItem\",\"position\":3,\"name\":\"M\u00f3dulo HT-SER-8&#215;4\"}]},{\"@type\":\"WebSite\",\"@id\":\"https:\/\/www.casasautomaticas.com\/#website\",\"url\":\"https:\/\/www.casasautomaticas.com\/\",\"name\":\"Casas Autom\u00e1ticas\",\"description\":\"\",\"potentialAction\":[{\"@type\":\"SearchAction\",\"target\":{\"@type\":\"EntryPoint\",\"urlTemplate\":\"https:\/\/www.casasautomaticas.com\/?s={search_term_string}\"},\"query-input\":{\"@type\":\"PropertyValueSpecification\",\"valueRequired\":true,\"valueName\":\"search_term_string\"}}],\"inLanguage\":\"en-US\"}]}<\/script>\n<!-- \/ Yoast SEO Premium plugin. -->","yoast_head_json":{"title":"M\u00f3dulo HT-SER-8x4 - Casas Autom\u00e1ticas","robots":{"index":"index","follow":"follow","max-snippet":"max-snippet:-1","max-image-preview":"max-image-preview:large","max-video-preview":"max-video-preview:-1"},"canonical":"https:\/\/www.casasautomaticas.com\/en\/product\/modulo-ht-ser-8x4\/","og_locale":"en_US","og_type":"article","og_title":"M\u00f3dulo HT-SER-8x4","og_description":"El m\u00f3dulo HT-SER-8x4 cuenta con 8 canales de salida a rel\u00e9 y 4 canales de entrada para sensores de contacto, controlables v\u00eda puerto serial compartido.","og_url":"https:\/\/www.casasautomaticas.com\/en\/product\/modulo-ht-ser-8x4\/","og_site_name":"Casas Autom\u00e1ticas","article_modified_time":"2024-05-24T15:29:42+00:00","og_image":[{"width":1024,"height":576,"url":"https:\/\/www.casasautomaticas.com\/wp-content\/uploads\/2023\/05\/HT-RS232-8X4-V2.jpeg","type":"image\/jpeg"}],"twitter_card":"summary_large_image","schema":{"@context":"https:\/\/schema.org","@graph":[{"@type":"WebPage","@id":"https:\/\/www.casasautomaticas.com\/producto\/modulo-ht-ser-8x4\/","url":"https:\/\/www.casasautomaticas.com\/producto\/modulo-ht-ser-8x4\/","name":"M\u00f3dulo HT-SER-8x4 - Casas Autom\u00e1ticas","isPartOf":{"@id":"https:\/\/www.casasautomaticas.com\/#website"},"primaryImageOfPage":{"@id":"https:\/\/www.casasautomaticas.com\/producto\/modulo-ht-ser-8x4\/#primaryimage"},"image":{"@id":"https:\/\/www.casasautomaticas.com\/producto\/modulo-ht-ser-8x4\/#primaryimage"},"thumbnailUrl":"https:\/\/www.casasautomaticas.com\/wp-content\/uploads\/2023\/05\/HT-RS232-8X4-V2.jpeg","datePublished":"2023-05-24T02:11:50+00:00","dateModified":"2024-05-24T15:29:42+00:00","breadcrumb":{"@id":"https:\/\/www.casasautomaticas.com\/producto\/modulo-ht-ser-8x4\/#breadcrumb"},"inLanguage":"en-US","potentialAction":[{"@type":"ReadAction","target":["https:\/\/www.casasautomaticas.com\/producto\/modulo-ht-ser-8x4\/"]}]},{"@type":"ImageObject","inLanguage":"en-US","@id":"https:\/\/www.casasautomaticas.com\/producto\/modulo-ht-ser-8x4\/#primaryimage","url":"https:\/\/www.casasautomaticas.com\/wp-content\/uploads\/2023\/05\/HT-RS232-8X4-V2.jpeg","contentUrl":"https:\/\/www.casasautomaticas.com\/wp-content\/uploads\/2023\/05\/HT-RS232-8X4-V2.jpeg","width":1024,"height":576},{"@type":"BreadcrumbList","@id":"https:\/\/www.casasautomaticas.com\/producto\/modulo-ht-ser-8x4\/#breadcrumb","itemListElement":[{"@type":"ListItem","position":1,"name":"Inicio","item":"https:\/\/www.casasautomaticas.com\/"},{"@type":"ListItem","position":2,"name":"Productos","item":"https:\/\/www.casasautomaticas.com\/en\/productos\/"},{"@type":"ListItem","position":3,"name":"M\u00f3dulo HT-SER-8&#215;4"}]},{"@type":"WebSite","@id":"https:\/\/www.casasautomaticas.com\/#website","url":"https:\/\/www.casasautomaticas.com\/","name":"Casas Autom\u00e1ticas","description":"","potentialAction":[{"@type":"SearchAction","target":{"@type":"EntryPoint","urlTemplate":"https:\/\/www.casasautomaticas.com\/?s={search_term_string}"},"query-input":{"@type":"PropertyValueSpecification","valueRequired":true,"valueName":"search_term_string"}}],"inLanguage":"en-US"}]}},"brands":[{"id":19,"name":"CA","slug":"ca"}],"_links":{"self":[{"href":"https:\/\/www.casasautomaticas.com\/en\/wp-json\/wp\/v2\/product\/96","targetHints":{"allow":["GET"]}}],"collection":[{"href":"https:\/\/www.casasautomaticas.com\/en\/wp-json\/wp\/v2\/product"}],"about":[{"href":"https:\/\/www.casasautomaticas.com\/en\/wp-json\/wp\/v2\/types\/product"}],"replies":[{"embeddable":true,"href":"https:\/\/www.casasautomaticas.com\/en\/wp-json\/wp\/v2\/comments?post=96"}],"wp:featuredmedia":[{"embeddable":true,"href":"https:\/\/www.casasautomaticas.com\/en\/wp-json\/wp\/v2\/media\/222"}],"wp:attachment":[{"href":"https:\/\/www.casasautomaticas.com\/en\/wp-json\/wp\/v2\/media?parent=96"}],"wp:term":[{"taxonomy":"pwb-brand","embeddable":true,"href":"https:\/\/www.casasautomaticas.com\/en\/wp-json\/wp\/v2\/pwb-brand?post=96"},{"taxonomy":"product_cat","embeddable":true,"href":"https:\/\/www.casasautomaticas.com\/en\/wp-json\/wp\/v2\/product_cat?post=96"},{"taxonomy":"product_tag","embeddable":true,"href":"https:\/\/www.casasautomaticas.com\/en\/wp-json\/wp\/v2\/product_tag?post=96"}],"curies":[{"name":"wp","href":"https:\/\/api.w.org\/{rel}","templated":true}]}}